{"id":3055,"date":"2023-10-24T14:48:40","date_gmt":"2023-10-24T14:48:40","guid":{"rendered":"https:\/\/coguttersinc.com\/limpieza-de-canalones\/"},"modified":"2025-03-06T15:08:27","modified_gmt":"2025-03-06T15:08:27","slug":"limpieza-de-canalones","status":"publish","type":"page","link":"https:\/\/coguttersinc.com\/es\/limpieza-de-canalones\/","title":{"rendered":"Limpieza de canalones"},"content":{"rendered":"\t\t<div data-elementor-type=\"wp-page\" data-elementor-id=\"3055\" class=\"elementor elementor-3055 elementor-188\" data-elementor-post-type=\"page\">\n\t\t\t\t<div class=\"elementor-element elementor-element-1433703 e-flex e-con-boxed e-con e-parent\" data-id=\"1433703\" data-element_type=\"container\" data-settings=\"{&quot;background_background&quot;:&quot;classic&quot;}\">\n\t\t\t\t\t<div class=\"e-con-inner\">\n\t\t<div class=\"elementor-element elementor-element-33c2850 e-flex e-con-boxed e-con e-child\" data-id=\"33c2850\" data-element_type=\"container\">\n\t\t\t\t\t<div class=\"e-con-inner\">\n\t\t\t\t<div class=\"elementor-element elementor-element-0916785 elementor-widget elementor-widget-heading\" data-id=\"0916785\" data-element_type=\"widget\" data-widget_type=\"heading.default\">\n\t\t\t\t<div class=\"elementor-widget-container\">\n\t\t\t\t\t<h1 class=\"elementor-heading-title elementor-size-default\">SERVICIOS DE LIMPIEZA DE CANALONES<\/h1>\t\t\t\t<\/div>\n\t\t\t\t<\/div>\n\t\t\t\t\t<\/div>\n\t\t\t\t<\/div>\n\t\t\t\t\t<\/div>\n\t\t\t\t<\/div>\n\t\t<div class=\"elementor-element elementor-element-e497ca3 e-flex e-con-boxed e-con e-parent\" data-id=\"e497ca3\" data-element_type=\"container\">\n\t\t\t\t\t<div class=\"e-con-inner\">\n\t\t\t\t<div class=\"elementor-element elementor-element-e79285a elementor-widget elementor-widget-heading\" data-id=\"e79285a\" data-element_type=\"widget\" data-widget_type=\"heading.default\">\n\t\t\t\t<div class=\"elementor-widget-container\">\n\t\t\t\t\t<h3 class=\"elementor-heading-title elementor-size-default\">Canalones Inc. Es Una Empresa Orgullosa De Canalones Al Servicio De Colorado Springs<\/h3>\t\t\t\t<\/div>\n\t\t\t\t<\/div>\n\t\t\t\t<div class=\"elementor-element elementor-element-95f0b16 elementor-widget elementor-widget-heading\" data-id=\"95f0b16\" data-element_type=\"widget\" data-widget_type=\"heading.default\">\n\t\t\t\t<div class=\"elementor-widget-container\">\n\t\t\t\t\t<h2 class=\"elementor-heading-title elementor-size-default\">Limpieza de canalones de calidad en Colorado Springs<\/h2>\t\t\t\t<\/div>\n\t\t\t\t<\/div>\n\t\t\t\t<div class=\"elementor-element elementor-element-fee35b4 elementor-widget elementor-widget-text-editor\" data-id=\"fee35b4\" data-element_type=\"widget\" data-widget_type=\"text-editor.default\">\n\t\t\t\t<div class=\"elementor-widget-container\">\n\t\t\t\t\t\t\t\t\t<p>Es importante mantener al d\u00eda el mantenimiento de tu casa o negocio. Si no se limpian los canalones tanto en primavera como en oto\u00f1o, pueden producirse da\u00f1os muy caros. Da\u00f1os como represas de hielo en invierno, fugas en las paredes de tu casa y en el \u00e1tico que podr\u00edan causar podredumbre de la madera o moho.<\/p>\t\t\t\t\t\t\t\t<\/div>\n\t\t\t\t<\/div>\n\t\t<div class=\"elementor-element elementor-element-a74445a e-flex e-con-boxed e-con e-child\" data-id=\"a74445a\" data-element_type=\"container\" data-settings=\"{&quot;background_background&quot;:&quot;classic&quot;}\">\n\t\t\t\t\t<div class=\"e-con-inner\">\n\t\t<div class=\"elementor-element elementor-element-779393b e-flex e-con-boxed e-con e-child\" data-id=\"779393b\" data-element_type=\"container\" data-settings=\"{&quot;background_background&quot;:&quot;classic&quot;}\">\n\t\t\t\t\t<div class=\"e-con-inner\">\n\t\t<div class=\"elementor-element elementor-element-b8e1ccd e-con-full e-flex e-con e-child\" data-id=\"b8e1ccd\" data-element_type=\"container\">\n\t\t\t\t<div class=\"elementor-element elementor-element-99474ca elementor-widget elementor-widget-heading\" data-id=\"99474ca\" data-element_type=\"widget\" data-widget_type=\"heading.default\">\n\t\t\t\t<div class=\"elementor-widget-container\">\n\t\t\t\t\t<h2 class=\"elementor-heading-title elementor-size-default\">Se\u00f1ales de que necesitas una limpieza comercial de canalones<\/h2>\t\t\t\t<\/div>\n\t\t\t\t<\/div>\n\t\t\t\t<div class=\"elementor-element elementor-element-ffeb1db elementor-widget elementor-widget-text-editor\" data-id=\"ffeb1db\" data-element_type=\"widget\" data-widget_type=\"text-editor.default\">\n\t\t\t\t<div class=\"elementor-widget-container\">\n\t\t\t\t\t\t\t\t\t<p>Reconocer las se\u00f1ales que indican la necesidad de <a href=\"https:\/\/coguttersinc.com\/best-tips-for-choosing-the-right-gutter-system\/\" data-wpil-monitor-id=\"65\">limpiar los canalones comerciales es crucial para mantener un sistema de desag\u00fce que funcione bien<\/a>. Los indicadores clave incluyen:<\/p><ol><li><p><strong>Desbordamiento de agua:<\/strong> Si el agua rebosa por los bordes cuando llueve, sugiere que los canalones est\u00e1n obstruidos y no permiten un flujo de agua adecuado.<\/p><\/li><li><p><strong>Escombros visibles:<\/strong> La acumulaci\u00f3n de hojas, ramitas u otros restos en los canalones es una se\u00f1al clara de que hace falta una limpieza.<\/p><\/li><li><p><strong>Crecimiento de plantas:<\/strong> La presencia de plantas o malas hierbas en los canalones indica acumulaci\u00f3n de tierra y materia org\u00e1nica, que puede dificultar el drenaje y causar obstrucciones.<\/p><\/li><li><p><strong>Ca\u00edda o separaci\u00f3n:<\/strong> Los canalones que se descuelgan o se separan del edificio pueden estar cargados con un exceso de peso debido a los residuos, el agua o una instalaci\u00f3n incorrecta.<\/p><\/li><\/ol>\t\t\t\t\t\t\t\t<\/div>\n\t\t\t\t<\/div>\n\t\t\t\t<\/div>\n\t\t<div class=\"elementor-element elementor-element-107de6e e-con-full e-flex e-con e-child\" data-id=\"107de6e\" data-element_type=\"container\" data-settings=\"{&quot;background_background&quot;:&quot;classic&quot;}\">\n\t\t\t\t<div class=\"elementor-element elementor-element-d2d65e7 elementor-widget elementor-widget-spacer\" data-id=\"d2d65e7\" data-element_type=\"widget\" data-widget_type=\"spacer.default\">\n\t\t\t\t<div class=\"elementor-widget-container\">\n\t\t\t\t\t\t\t<div class=\"elementor-spacer\">\n\t\t\t<div class=\"elementor-spacer-inner\"><\/div>\n\t\t<\/div>\n\t\t\t\t\t\t<\/div>\n\t\t\t\t<\/div>\n\t\t\t\t<\/div>\n\t\t\t\t\t<\/div>\n\t\t\t\t<\/div>\n\t\t\t\t\t<\/div>\n\t\t\t\t<\/div>\n\t\t\t\t\t<\/div>\n\t\t\t\t<\/div>\n\t\t<div class=\"elementor-element elementor-element-73b8260 e-flex e-con-boxed e-con e-parent\" data-id=\"73b8260\" data-element_type=\"container\" data-settings=\"{&quot;background_background&quot;:&quot;classic&quot;}\">\n\t\t\t\t\t<div class=\"e-con-inner\">\n\t\t\t\t<div class=\"elementor-element elementor-element-dba6513 elementor-widget elementor-widget-heading\" data-id=\"dba6513\" data-element_type=\"widget\" data-widget_type=\"heading.default\">\n\t\t\t\t<div class=\"elementor-widget-container\">\n\t\t\t\t\t<h2 class=\"elementor-heading-title elementor-size-default\">Empresa de canalones residenciales y comerciales de m\u00e1xima calidad<\/h2>\t\t\t\t<\/div>\n\t\t\t\t<\/div>\n\t\t<div class=\"elementor-element elementor-element-4d5419c e-flex e-con-boxed e-con e-child\" data-id=\"4d5419c\" data-element_type=\"container\">\n\t\t\t\t\t<div class=\"e-con-inner\">\n\t\t<div class=\"elementor-element elementor-element-43ab31a e-con-full e-flex e-con e-child\" data-id=\"43ab31a\" data-element_type=\"container\" data-settings=\"{&quot;background_background&quot;:&quot;classic&quot;}\">\n\t\t\t\t<div class=\"elementor-element elementor-element-0044421 elementor-view-default elementor-widget elementor-widget-icon\" data-id=\"0044421\" data-element_type=\"widget\" data-widget_type=\"icon.default\">\n\t\t\t\t<div class=\"elementor-widget-container\">\n\t\t\t\t\t\t\t<div class=\"elementor-icon-wrapper\">\n\t\t\t<div class=\"elementor-icon\">\n\t\t\t<i aria-hidden=\"true\" class=\"fas fa-map-marker-alt\"><\/i>\t\t\t<\/div>\n\t\t<\/div>\n\t\t\t\t\t\t<\/div>\n\t\t\t\t<\/div>\n\t\t\t\t<div class=\"elementor-element elementor-element-d9f2d53 elementor-widget elementor-widget-heading\" data-id=\"d9f2d53\" data-element_type=\"widget\" data-widget_type=\"heading.default\">\n\t\t\t\t<div class=\"elementor-widget-container\">\n\t\t\t\t\t<p class=\"elementor-heading-title elementor-size-default\">\n2815 N Tejon St.\nCOLORADO SPRINGS, CO 80907<\/p>\t\t\t\t<\/div>\n\t\t\t\t<\/div>\n\t\t\t\t<\/div>\n\t\t<div class=\"elementor-element elementor-element-d2767a1 e-con-full e-flex e-con e-child\" data-id=\"d2767a1\" data-element_type=\"container\" data-settings=\"{&quot;background_background&quot;:&quot;classic&quot;}\">\n\t\t\t\t<div class=\"elementor-element elementor-element-3ddfd66 elementor-view-default elementor-widget elementor-widget-icon\" data-id=\"3ddfd66\" data-element_type=\"widget\" data-widget_type=\"icon.default\">\n\t\t\t\t<div class=\"elementor-widget-container\">\n\t\t\t\t\t\t\t<div class=\"elementor-icon-wrapper\">\n\t\t\t<div class=\"elementor-icon\">\n\t\t\t<i aria-hidden=\"true\" class=\"fas fa-phone-alt\"><\/i>\t\t\t<\/div>\n\t\t<\/div>\n\t\t\t\t\t\t<\/div>\n\t\t\t\t<\/div>\n\t\t\t\t<div class=\"elementor-element elementor-element-f98b742 elementor-widget elementor-widget-heading\" data-id=\"f98b742\" data-element_type=\"widget\" data-widget_type=\"heading.default\">\n\t\t\t\t<div class=\"elementor-widget-container\">\n\t\t\t\t\t<p class=\"elementor-heading-title elementor-size-default\"><a href=\"tel:7196596046\">719-659-6046<\/a><\/p>\t\t\t\t<\/div>\n\t\t\t\t<\/div>\n\t\t\t\t<\/div>\n\t\t<div class=\"elementor-element elementor-element-a85468d e-con-full e-flex e-con e-child\" data-id=\"a85468d\" data-element_type=\"container\" data-settings=\"{&quot;background_background&quot;:&quot;classic&quot;}\">\n\t\t\t\t<div class=\"elementor-element elementor-element-7dd7725 elementor-view-default elementor-widget elementor-widget-icon\" data-id=\"7dd7725\" data-element_type=\"widget\" data-widget_type=\"icon.default\">\n\t\t\t\t<div class=\"elementor-widget-container\">\n\t\t\t\t\t\t\t<div class=\"elementor-icon-wrapper\">\n\t\t\t<div class=\"elementor-icon\">\n\t\t\t<i aria-hidden=\"true\" class=\"icon icon-envelope\"><\/i>\t\t\t<\/div>\n\t\t<\/div>\n\t\t\t\t\t\t<\/div>\n\t\t\t\t<\/div>\n\t\t\t\t<div class=\"elementor-element elementor-element-767c674 elementor-widget elementor-widget-heading\" data-id=\"767c674\" data-element_type=\"widget\" data-widget_type=\"heading.default\">\n\t\t\t\t<div class=\"elementor-widget-container\">\n\t\t\t\t\t<h2 class=\"elementor-heading-title elementor-size-default\">coguttersinc@gmail.com<\/h2>\t\t\t\t<\/div>\n\t\t\t\t<\/div>\n\t\t\t\t<\/div>\n\t\t\t\t\t<\/div>\n\t\t\t\t<\/div>\n\t\t\t\t<div class=\"elementor-element elementor-element-536ef8b elementor-align-center elementor-widget elementor-widget-button\" data-id=\"536ef8b\" data-element_type=\"widget\" data-widget_type=\"button.default\">\n\t\t\t\t<div class=\"elementor-widget-container\">\n\t\t\t\t\t\t\t\t\t<div class=\"elementor-button-wrapper\">\n\t\t\t\t\t<a class=\"elementor-button elementor-button-link elementor-size-sm\" href=\"http:\/\/coguttersinc.com\/contact\/\">\n\t\t\t\t\t\t<span class=\"elementor-button-content-wrapper\">\n\t\t\t\t\t\t\t\t\t<span class=\"elementor-button-text\">TARIFAS Y RESERVAS<\/span>\n\t\t\t\t\t<\/span>\n\t\t\t\t\t<\/a>\n\t\t\t\t<\/div>\n\t\t\t\t\t\t\t\t<\/div>\n\t\t\t\t<\/div>\n\t\t\t\t\t<\/div>\n\t\t\t\t<\/div>\n\t\t\t\t<\/div>\n\t\t","protected":false},"excerpt":{"rendered":"<p>SERVICIOS DE LIMPIEZA DE CANALONES Canalones Inc. Es Una Empresa Orgullosa De Canalones Al Servicio De Colorado Springs Limpieza de canalones de calidad en Colorado Springs Es importante mantener al d\u00eda el mantenimiento de tu casa o negocio. Si no se limpian los canalones tanto en primavera como en oto\u00f1o, pueden producirse da\u00f1os muy caros. [&hellip;]<\/p>\n","protected":false},"author":1,"featured_media":0,"parent":0,"menu_order":0,"comment_status":"closed","ping_status":"closed","template":"","meta":{"site-sidebar-layout":"no-sidebar","site-content-layout":"","ast-site-content-layout":"full-width-container","site-content-style":"default","site-sidebar-style":"default","ast-global-header-display":"","ast-banner-title-visibility":"","ast-main-header-display":"","ast-hfb-above-header-display":"","ast-hfb-below-header-display":"","ast-hfb-mobile-header-display":"","site-post-title":"disabled","ast-breadcrumbs-content":"","ast-featured-img":"disabled","footer-sml-layout":"","theme-transparent-header-meta":"","adv-header-id-meta":"","stick-header-meta":"","header-above-stick-meta":"","header-main-stick-meta":"","header-below-stick-meta":"","astra-migrate-meta-layouts":"default","ast-page-background-enabled":"default","ast-page-background-meta":{"desktop":{"background-color":"var(--ast-global-color-4)","background-image":"","background-repeat":"repeat","background-position":"center center","background-size":"auto","background-attachment":"scroll","background-type":"","background-media":"","overlay-type":"","overlay-color":"","overlay-gradient":""},"tablet":{"background-color":"","background-image":"","background-repeat":"repeat","background-position":"center center","background-size":"auto","background-attachment":"scroll","background-type":"","background-media":"","overlay-type":"","overlay-color":"","overlay-gradient":""},"mobile":{"background-color":"","background-image":"","background-repeat":"repeat","background-position":"center center","background-size":"auto","background-attachment":"scroll","background-type":"","background-media":"","overlay-type":"","overlay-color":"","overlay-gradient":""}},"ast-content-background-meta":{"desktop":{"background-color":"var(--ast-global-color-5)","background-image":"","background-repeat":"repeat","background-position":"center center","background-size":"auto","background-attachment":"scroll","background-type":"","background-media":"","overlay-type":"","overlay-color":"","overlay-gradient":""},"tablet":{"background-color":"var(--ast-global-color-5)","background-image":"","background-repeat":"repeat","background-position":"center center","background-size":"auto","background-attachment":"scroll","background-type":"","background-media":"","overlay-type":"","overlay-color":"","overlay-gradient":""},"mobile":{"background-color":"var(--ast-global-color-5)","background-image":"","background-repeat":"repeat","background-position":"center center","background-size":"auto","background-attachment":"scroll","background-type":"","background-media":"","overlay-type":"","overlay-color":"","overlay-gradient":""}},"footnotes":""},"class_list":["post-3055","page","type-page","status-publish","hentry"],"yoast_head":"<!-- This site is optimized with the Yoast SEO plugin v25.5 - https:\/\/yoast.com\/wordpress\/plugins\/seo\/ -->\n<title>Limpieza de canalones en Colorado Springs - Gutters Inc.<\/title>\n<meta name=\"description\" content=\"Nuestros servicios profesionales de limpieza de canalones est\u00e1n dise\u00f1ados para eliminar eficazmente los residuos y garantizar un flujo de agua adecuado, reduciendo el riesgo de fugas\" \/>\n<meta name=\"robots\" content=\"index, follow, max-snippet:-1, max-image-preview:large, max-video-preview:-1\" \/>\n<link rel=\"canonical\" href=\"https:\/\/coguttersinc.com\/es\/limpieza-de-canalones\/\" \/>\n<meta property=\"og:locale\" content=\"es_ES\" \/>\n<meta property=\"og:type\" content=\"article\" \/>\n<meta property=\"og:title\" content=\"Limpieza de canalones en Colorado Springs - Gutters Inc.\" \/>\n<meta property=\"og:description\" content=\"Nuestros servicios profesionales de limpieza de canalones est\u00e1n dise\u00f1ados para eliminar eficazmente los residuos y garantizar un flujo de agua adecuado, reduciendo el riesgo de fugas\" \/>\n<meta property=\"og:url\" content=\"https:\/\/coguttersinc.com\/es\/limpieza-de-canalones\/\" \/>\n<meta property=\"og:site_name\" content=\"Gutters Inc.\" \/>\n<meta property=\"article:modified_time\" content=\"2025-03-06T15:08:27+00:00\" \/>\n<meta name=\"twitter:card\" content=\"summary_large_image\" \/>\n<meta name=\"twitter:label1\" content=\"Tiempo de lectura\" \/>\n\t<meta name=\"twitter:data1\" content=\"1 minuto\" \/>\n<script type=\"application\/ld+json\" class=\"yoast-schema-graph\">{\"@context\":\"https:\/\/schema.org\",\"@graph\":[{\"@type\":\"WebPage\",\"@id\":\"https:\/\/coguttersinc.com\/es\/limpieza-de-canalones\/\",\"url\":\"https:\/\/coguttersinc.com\/es\/limpieza-de-canalones\/\",\"name\":\"Limpieza de canalones en Colorado Springs - Gutters Inc.\",\"isPartOf\":{\"@id\":\"https:\/\/coguttersinc.com\/es\/#website\"},\"datePublished\":\"2023-10-24T14:48:40+00:00\",\"dateModified\":\"2025-03-06T15:08:27+00:00\",\"description\":\"Nuestros servicios profesionales de limpieza de canalones est\u00e1n dise\u00f1ados para eliminar eficazmente los residuos y garantizar un flujo de agua adecuado, reduciendo el riesgo de fugas\",\"breadcrumb\":{\"@id\":\"https:\/\/coguttersinc.com\/es\/limpieza-de-canalones\/#breadcrumb\"},\"inLanguage\":\"es\",\"potentialAction\":[{\"@type\":\"ReadAction\",\"target\":[\"https:\/\/coguttersinc.com\/es\/limpieza-de-canalones\/\"]}]},{\"@type\":\"BreadcrumbList\",\"@id\":\"https:\/\/coguttersinc.com\/es\/limpieza-de-canalones\/#breadcrumb\",\"itemListElement\":[{\"@type\":\"ListItem\",\"position\":1,\"name\":\"Home\",\"item\":\"https:\/\/coguttersinc.com\/es\/inicio\/\"},{\"@type\":\"ListItem\",\"position\":2,\"name\":\"Limpieza de canalones\"}]},{\"@type\":\"WebSite\",\"@id\":\"https:\/\/coguttersinc.com\/es\/#website\",\"url\":\"https:\/\/coguttersinc.com\/es\/\",\"name\":\"Gutters Inc.\",\"description\":\"Gutters Inc. Commercial &amp; Residentail\",\"publisher\":{\"@id\":\"https:\/\/coguttersinc.com\/es\/#organization\"},\"potentialAction\":[{\"@type\":\"SearchAction\",\"target\":{\"@type\":\"EntryPoint\",\"urlTemplate\":\"https:\/\/coguttersinc.com\/es\/?s={search_term_string}\"},\"query-input\":{\"@type\":\"PropertyValueSpecification\",\"valueRequired\":true,\"valueName\":\"search_term_string\"}}],\"inLanguage\":\"es\"},{\"@type\":\"Organization\",\"@id\":\"https:\/\/coguttersinc.com\/es\/#organization\",\"name\":\"Gutters Inc.\",\"url\":\"https:\/\/coguttersinc.com\/es\/\",\"logo\":{\"@type\":\"ImageObject\",\"inLanguage\":\"es\",\"@id\":\"https:\/\/coguttersinc.com\/es\/#\/schema\/logo\/image\/\",\"url\":\"https:\/\/coguttersinc.com\/wp-content\/uploads\/2023\/10\/legacygutterslogo-210.png\",\"contentUrl\":\"https:\/\/coguttersinc.com\/wp-content\/uploads\/2023\/10\/legacygutterslogo-210.png\",\"width\":210,\"height\":84,\"caption\":\"Gutters Inc.\"},\"image\":{\"@id\":\"https:\/\/coguttersinc.com\/es\/#\/schema\/logo\/image\/\"}}]}<\/script>\n<!-- \/ Yoast SEO plugin. -->","yoast_head_json":{"title":"Limpieza de canalones en Colorado Springs - Gutters Inc.","description":"Nuestros servicios profesionales de limpieza de canalones est\u00e1n dise\u00f1ados para eliminar eficazmente los residuos y garantizar un flujo de agua adecuado, reduciendo el riesgo de fugas","robots":{"index":"index","follow":"follow","max-snippet":"max-snippet:-1","max-image-preview":"max-image-preview:large","max-video-preview":"max-video-preview:-1"},"canonical":"https:\/\/coguttersinc.com\/es\/limpieza-de-canalones\/","og_locale":"es_ES","og_type":"article","og_title":"Limpieza de canalones en Colorado Springs - Gutters Inc.","og_description":"Nuestros servicios profesionales de limpieza de canalones est\u00e1n dise\u00f1ados para eliminar eficazmente los residuos y garantizar un flujo de agua adecuado, reduciendo el riesgo de fugas","og_url":"https:\/\/coguttersinc.com\/es\/limpieza-de-canalones\/","og_site_name":"Gutters Inc.","article_modified_time":"2025-03-06T15:08:27+00:00","twitter_card":"summary_large_image","twitter_misc":{"Tiempo de lectura":"1 minuto"},"schema":{"@context":"https:\/\/schema.org","@graph":[{"@type":"WebPage","@id":"https:\/\/coguttersinc.com\/es\/limpieza-de-canalones\/","url":"https:\/\/coguttersinc.com\/es\/limpieza-de-canalones\/","name":"Limpieza de canalones en Colorado Springs - Gutters Inc.","isPartOf":{"@id":"https:\/\/coguttersinc.com\/es\/#website"},"datePublished":"2023-10-24T14:48:40+00:00","dateModified":"2025-03-06T15:08:27+00:00","description":"Nuestros servicios profesionales de limpieza de canalones est\u00e1n dise\u00f1ados para eliminar eficazmente los residuos y garantizar un flujo de agua adecuado, reduciendo el riesgo de fugas","breadcrumb":{"@id":"https:\/\/coguttersinc.com\/es\/limpieza-de-canalones\/#breadcrumb"},"inLanguage":"es","potentialAction":[{"@type":"ReadAction","target":["https:\/\/coguttersinc.com\/es\/limpieza-de-canalones\/"]}]},{"@type":"BreadcrumbList","@id":"https:\/\/coguttersinc.com\/es\/limpieza-de-canalones\/#breadcrumb","itemListElement":[{"@type":"ListItem","position":1,"name":"Home","item":"https:\/\/coguttersinc.com\/es\/inicio\/"},{"@type":"ListItem","position":2,"name":"Limpieza de canalones"}]},{"@type":"WebSite","@id":"https:\/\/coguttersinc.com\/es\/#website","url":"https:\/\/coguttersinc.com\/es\/","name":"Gutters Inc.","description":"Gutters Inc. Commercial &amp; Residentail","publisher":{"@id":"https:\/\/coguttersinc.com\/es\/#organization"},"potentialAction":[{"@type":"SearchAction","target":{"@type":"EntryPoint","urlTemplate":"https:\/\/coguttersinc.com\/es\/?s={search_term_string}"},"query-input":{"@type":"PropertyValueSpecification","valueRequired":true,"valueName":"search_term_string"}}],"inLanguage":"es"},{"@type":"Organization","@id":"https:\/\/coguttersinc.com\/es\/#organization","name":"Gutters Inc.","url":"https:\/\/coguttersinc.com\/es\/","logo":{"@type":"ImageObject","inLanguage":"es","@id":"https:\/\/coguttersinc.com\/es\/#\/schema\/logo\/image\/","url":"https:\/\/coguttersinc.com\/wp-content\/uploads\/2023\/10\/legacygutterslogo-210.png","contentUrl":"https:\/\/coguttersinc.com\/wp-content\/uploads\/2023\/10\/legacygutterslogo-210.png","width":210,"height":84,"caption":"Gutters Inc."},"image":{"@id":"https:\/\/coguttersinc.com\/es\/#\/schema\/logo\/image\/"}}]}},"_links":{"self":[{"href":"https:\/\/coguttersinc.com\/es\/wp-json\/wp\/v2\/pages\/3055","targetHints":{"allow":["GET"]}}],"collection":[{"href":"https:\/\/coguttersinc.com\/es\/wp-json\/wp\/v2\/pages"}],"about":[{"href":"https:\/\/coguttersinc.com\/es\/wp-json\/wp\/v2\/types\/page"}],"author":[{"embeddable":true,"href":"https:\/\/coguttersinc.com\/es\/wp-json\/wp\/v2\/users\/1"}],"replies":[{"embeddable":true,"href":"https:\/\/coguttersinc.com\/es\/wp-json\/wp\/v2\/comments?post=3055"}],"version-history":[{"count":1,"href":"https:\/\/coguttersinc.com\/es\/wp-json\/wp\/v2\/pages\/3055\/revisions"}],"predecessor-version":[{"id":3056,"href":"https:\/\/coguttersinc.com\/es\/wp-json\/wp\/v2\/pages\/3055\/revisions\/3056"}],"wp:attachment":[{"href":"https:\/\/coguttersinc.com\/es\/wp-json\/wp\/v2\/media?parent=3055"}],"curies":[{"name":"wp","href":"https:\/\/api.w.org\/{rel}","templated":true}]}}