{"id":3089,"date":"2023-10-24T17:11:55","date_gmt":"2023-10-24T17:11:55","guid":{"rendered":"https:\/\/coguttersinc.com\/canalon-de-caja-7-sin-soldadura\/"},"modified":"2025-03-06T15:13:36","modified_gmt":"2025-03-06T15:13:36","slug":"canalon-de-caja-7-sin-soldadura","status":"publish","type":"page","link":"https:\/\/coguttersinc.com\/es\/canalon-de-caja-7-sin-soldadura\/","title":{"rendered":"Canal\u00f3n de caja 7 sin soldadura"},"content":{"rendered":"\t\t<div data-elementor-type=\"wp-page\" data-elementor-id=\"3089\" class=\"elementor elementor-3089 elementor-301\" data-elementor-post-type=\"page\">\n\t\t\t\t<div class=\"elementor-element elementor-element-1433703 e-flex e-con-boxed e-con e-parent\" data-id=\"1433703\" data-element_type=\"container\" data-settings=\"{&quot;background_background&quot;:&quot;classic&quot;}\">\n\t\t\t\t\t<div class=\"e-con-inner\">\n\t\t<div class=\"elementor-element elementor-element-33c2850 e-flex e-con-boxed e-con e-child\" data-id=\"33c2850\" data-element_type=\"container\">\n\t\t\t\t\t<div class=\"e-con-inner\">\n\t\t\t\t<div class=\"elementor-element elementor-element-0916785 elementor-widget elementor-widget-heading\" data-id=\"0916785\" data-element_type=\"widget\" data-widget_type=\"heading.default\">\n\t\t\t\t<div class=\"elementor-widget-container\">\n\t\t\t\t\t<h1 class=\"elementor-heading-title elementor-size-default\">Canal\u00f3n de caja de 7' sin juntas<\/h1>\t\t\t\t<\/div>\n\t\t\t\t<\/div>\n\t\t\t\t\t<\/div>\n\t\t\t\t<\/div>\n\t\t\t\t\t<\/div>\n\t\t\t\t<\/div>\n\t\t<div class=\"elementor-element elementor-element-e497ca3 e-flex e-con-boxed e-con e-parent\" data-id=\"e497ca3\" data-element_type=\"container\">\n\t\t\t\t\t<div class=\"e-con-inner\">\n\t\t\t\t<div class=\"elementor-element elementor-element-95f0b16 elementor-widget elementor-widget-heading\" data-id=\"95f0b16\" data-element_type=\"widget\" data-widget_type=\"heading.default\">\n\t\t\t\t<div class=\"elementor-widget-container\">\n\t\t\t\t\t<h2 class=\"elementor-heading-title elementor-size-default\">Canalones de caja<\/h2>\t\t\t\t<\/div>\n\t\t\t\t<\/div>\n\t\t\t\t<div class=\"elementor-element elementor-element-729d0aa elementor-widget elementor-widget-text-editor\" data-id=\"729d0aa\" data-element_type=\"widget\" data-widget_type=\"text-editor.default\">\n\t\t\t\t<div class=\"elementor-widget-container\">\n\t\t\t\t\t\t\t\t\t<p>Normalmente, los canalones de 7 pulgadas se instalan en <a href=\"https:\/\/coguttersinc.com\/es\/canalones-industriales\/\">propiedades comerciales<\/a>, as\u00ed como en <a href=\"https:\/\/coguttersinc.com\/es\/canalones-residenciales\/\">propiedades residenciales<\/a> que tienen un tejado plano. Si tienes un tejado plano inclinado en una direcci\u00f3n, \u00e9ste es el canal\u00f3n que necesitas. Cada vez son m\u00e1s los propietarios de viviendas con tejados de tejas o met\u00e1licos que optan por este producto. Esto se hace para que el canal\u00f3n pueda soportar la enorme velocidad del agua, que se mueve a mayor velocidad que en un tejado de tejas.   <\/p><p>Nuestro canal\u00f3n de caja sin juntas de 7&#8242; es una soluci\u00f3n elegante y eficaz para gestionar el agua de lluvia en tu edificio. Fabricado con materiales de alta calidad, nuestro <a href=\"https:\/\/coguttersinc.com\/how-seamless-gutters-reduce-maintenance\/\" data-wpil-monitor-id=\"255\">canal\u00f3n sin juntas<\/a> est\u00e1 hecho a medida para ajustarse a tus especificaciones exactas, garantizando un ajuste perfecto y el m\u00e1ximo rendimiento. <\/p><h3>Caracter\u00edsticas principales del canal\u00f3n<\/h3><p>&#8211; <b>Dise\u00f1o sin juntas<\/b>: Elimina el riesgo de fugas y mejora la est\u00e9tica general de tu edificio.<\/p><p>&#8211; <b>7&#8242; de longitud<\/b>: Proporciona una gran capacidad para gestionar grandes vol\u00famenes de agua de lluvia.<\/p><p>&#8211; <b>Personalizable<\/b>: Disponibles en varios colores y acabados para que combinen con el exterior de tu edificio.<\/p><p>&#8211; <b>Materiales duraderos<\/b>: Construido con materiales duraderos hechos para durar y resistir a los elementos.<\/p><h3>Ventajas del canal\u00f3n de caja<\/h3><p>&#8211; <b>Mejor gesti\u00f3n del agua<\/b>: Dirige el agua de lluvia lejos de tu edificio, evitando da\u00f1os por agua y reduciendo el riesgo de inundaciones.<\/p><p>&#8211; <b>Bajo mantenimiento<\/b>: Con su dise\u00f1o sin juntas y sus materiales duraderos, nuestro canal\u00f3n de caja requiere un mantenimiento m\u00ednimo.<\/p><p>&#8211; <b>Mayor atractivo para la acera<\/b>: El elegante dise\u00f1o y las opciones personalizables de nuestro canal\u00f3n sin juntas de 7&#8242; mejorar\u00e1n el aspecto general de tu edificio.<\/p><p>Invierte hoy mismo en nuestro Canal\u00f3n de Caja sin Juntas de 7&#8242; para obtener una soluci\u00f3n fiable y elegante para la gesti\u00f3n del agua de lluvia. Ponte en contacto con nosotros para obtener m\u00e1s informaci\u00f3n sobre nuestras opciones de personalizaci\u00f3n y un presupuesto para tu proyecto. <\/p>\t\t\t\t\t\t\t\t<\/div>\n\t\t\t\t<\/div>\n\t\t\t\t\t<\/div>\n\t\t\t\t<\/div>\n\t\t<div class=\"elementor-element elementor-element-9348da4 e-flex e-con-boxed e-con e-parent\" data-id=\"9348da4\" data-element_type=\"container\" data-settings=\"{&quot;background_background&quot;:&quot;classic&quot;}\">\n\t\t\t\t\t<div class=\"e-con-inner\">\n\t\t\t\t<div class=\"elementor-element elementor-element-6157330 elementor-widget elementor-widget-heading\" data-id=\"6157330\" data-element_type=\"widget\" data-widget_type=\"heading.default\">\n\t\t\t\t<div class=\"elementor-widget-container\">\n\t\t\t\t\t<h2 class=\"elementor-heading-title elementor-size-default\">Empresa de canalones residenciales y comerciales de m\u00e1xima calidad<\/h2>\t\t\t\t<\/div>\n\t\t\t\t<\/div>\n\t\t<div class=\"elementor-element elementor-element-9ab1d6d e-flex e-con-boxed e-con e-child\" data-id=\"9ab1d6d\" data-element_type=\"container\">\n\t\t\t\t\t<div class=\"e-con-inner\">\n\t\t<div class=\"elementor-element elementor-element-24ce5fb e-con-full e-flex e-con e-child\" data-id=\"24ce5fb\" data-element_type=\"container\" data-settings=\"{&quot;background_background&quot;:&quot;classic&quot;}\">\n\t\t\t\t<div class=\"elementor-element elementor-element-ce668ae elementor-view-default elementor-widget elementor-widget-icon\" data-id=\"ce668ae\" data-element_type=\"widget\" data-widget_type=\"icon.default\">\n\t\t\t\t<div class=\"elementor-widget-container\">\n\t\t\t\t\t\t\t<div class=\"elementor-icon-wrapper\">\n\t\t\t<div class=\"elementor-icon\">\n\t\t\t<i aria-hidden=\"true\" class=\"fas fa-map-marker-alt\"><\/i>\t\t\t<\/div>\n\t\t<\/div>\n\t\t\t\t\t\t<\/div>\n\t\t\t\t<\/div>\n\t\t\t\t<div class=\"elementor-element elementor-element-e895640 elementor-widget elementor-widget-heading\" data-id=\"e895640\" data-element_type=\"widget\" data-widget_type=\"heading.default\">\n\t\t\t\t<div class=\"elementor-widget-container\">\n\t\t\t\t\t<h2 class=\"elementor-heading-title elementor-size-default\">Canalones Inc.\n2815 N Tejon St.\nCOLORADO SPRINGS, CO 80907<\/h2>\t\t\t\t<\/div>\n\t\t\t\t<\/div>\n\t\t\t\t<\/div>\n\t\t<div class=\"elementor-element elementor-element-0531604 e-con-full e-flex e-con e-child\" data-id=\"0531604\" data-element_type=\"container\" data-settings=\"{&quot;background_background&quot;:&quot;classic&quot;}\">\n\t\t\t\t<div class=\"elementor-element elementor-element-5e0ee36 elementor-view-default elementor-widget elementor-widget-icon\" data-id=\"5e0ee36\" data-element_type=\"widget\" data-widget_type=\"icon.default\">\n\t\t\t\t<div class=\"elementor-widget-container\">\n\t\t\t\t\t\t\t<div class=\"elementor-icon-wrapper\">\n\t\t\t<div class=\"elementor-icon\">\n\t\t\t<i aria-hidden=\"true\" class=\"fas fa-phone-alt\"><\/i>\t\t\t<\/div>\n\t\t<\/div>\n\t\t\t\t\t\t<\/div>\n\t\t\t\t<\/div>\n\t\t\t\t<div class=\"elementor-element elementor-element-6564daa elementor-widget elementor-widget-heading\" data-id=\"6564daa\" data-element_type=\"widget\" data-widget_type=\"heading.default\">\n\t\t\t\t<div class=\"elementor-widget-container\">\n\t\t\t\t\t<h2 class=\"elementor-heading-title elementor-size-default\">PRINCIPAL: \n719-659-6046<\/h2>\t\t\t\t<\/div>\n\t\t\t\t<\/div>\n\t\t\t\t<\/div>\n\t\t<div class=\"elementor-element elementor-element-c42aa9d e-con-full e-flex e-con e-child\" data-id=\"c42aa9d\" data-element_type=\"container\" data-settings=\"{&quot;background_background&quot;:&quot;classic&quot;}\">\n\t\t\t\t<div class=\"elementor-element elementor-element-25919b0 elementor-view-default elementor-widget elementor-widget-icon\" data-id=\"25919b0\" data-element_type=\"widget\" data-widget_type=\"icon.default\">\n\t\t\t\t<div class=\"elementor-widget-container\">\n\t\t\t\t\t\t\t<div class=\"elementor-icon-wrapper\">\n\t\t\t<div class=\"elementor-icon\">\n\t\t\t<i aria-hidden=\"true\" class=\"icon icon-envelope\"><\/i>\t\t\t<\/div>\n\t\t<\/div>\n\t\t\t\t\t\t<\/div>\n\t\t\t\t<\/div>\n\t\t\t\t<div class=\"elementor-element elementor-element-8b1c98d elementor-widget elementor-widget-heading\" data-id=\"8b1c98d\" data-element_type=\"widget\" data-widget_type=\"heading.default\">\n\t\t\t\t<div class=\"elementor-widget-container\">\n\t\t\t\t\t<h2 class=\"elementor-heading-title elementor-size-default\">CORREO ELECTR\u00d3NICO: coguttersinc@gmail.com<\/h2>\t\t\t\t<\/div>\n\t\t\t\t<\/div>\n\t\t\t\t<\/div>\n\t\t\t\t\t<\/div>\n\t\t\t\t<\/div>\n\t\t\t\t<div class=\"elementor-element elementor-element-76f6cbb elementor-align-center elementor-widget elementor-widget-button\" data-id=\"76f6cbb\" data-element_type=\"widget\" data-widget_type=\"button.default\">\n\t\t\t\t<div class=\"elementor-widget-container\">\n\t\t\t\t\t\t\t\t\t<div class=\"elementor-button-wrapper\">\n\t\t\t\t\t<a class=\"elementor-button elementor-button-link elementor-size-sm\" href=\"https:\/\/coguttersinc.com\/es\/ponte-en-contacto-con\/\">\n\t\t\t\t\t\t<span class=\"elementor-button-content-wrapper\">\n\t\t\t\t\t\t\t\t\t<span class=\"elementor-button-text\">TARIFAS Y RESERVAS<\/span>\n\t\t\t\t\t<\/span>\n\t\t\t\t\t<\/a>\n\t\t\t\t<\/div>\n\t\t\t\t\t\t\t\t<\/div>\n\t\t\t\t<\/div>\n\t\t\t\t\t<\/div>\n\t\t\t\t<\/div>\n\t\t\t\t<\/div>\n\t\t","protected":false},"excerpt":{"rendered":"<p>Canal\u00f3n de caja de 7&#8242; sin juntas Canalones de caja Normalmente, los canalones de 7 pulgadas se instalan en propiedades comerciales, as\u00ed como en propiedades residenciales que tienen un tejado plano. Si tienes un tejado plano inclinado en una direcci\u00f3n, \u00e9ste es el canal\u00f3n que necesitas. Cada vez son m\u00e1s los propietarios de viviendas con [&hellip;]<\/p>\n","protected":false},"author":1,"featured_media":0,"parent":0,"menu_order":0,"comment_status":"closed","ping_status":"closed","template":"","meta":{"site-sidebar-layout":"no-sidebar","site-content-layout":"","ast-site-content-layout":"full-width-container","site-content-style":"default","site-sidebar-style":"default","ast-global-header-display":"","ast-banner-title-visibility":"","ast-main-header-display":"","ast-hfb-above-header-display":"","ast-hfb-below-header-display":"","ast-hfb-mobile-header-display":"","site-post-title":"disabled","ast-breadcrumbs-content":"","ast-featured-img":"disabled","footer-sml-layout":"","theme-transparent-header-meta":"","adv-header-id-meta":"","stick-header-meta":"","header-above-stick-meta":"","header-main-stick-meta":"","header-below-stick-meta":"","astra-migrate-meta-layouts":"default","ast-page-background-enabled":"default","ast-page-background-meta":{"desktop":{"background-color":"var(--ast-global-color-4)","background-image":"","background-repeat":"repeat","background-position":"center center","background-size":"auto","background-attachment":"scroll","background-type":"","background-media":"","overlay-type":"","overlay-color":"","overlay-gradient":""},"tablet":{"background-color":"","background-image":"","background-repeat":"repeat","background-position":"center center","background-size":"auto","background-attachment":"scroll","background-type":"","background-media":"","overlay-type":"","overlay-color":"","overlay-gradient":""},"mobile":{"background-color":"","background-image":"","background-repeat":"repeat","background-position":"center center","background-size":"auto","background-attachment":"scroll","background-type":"","background-media":"","overlay-type":"","overlay-color":"","overlay-gradient":""}},"ast-content-background-meta":{"desktop":{"background-color":"var(--ast-global-color-5)","background-image":"","background-repeat":"repeat","background-position":"center center","background-size":"auto","background-attachment":"scroll","background-type":"","background-media":"","overlay-type":"","overlay-color":"","overlay-gradient":""},"tablet":{"background-color":"var(--ast-global-color-5)","background-image":"","background-repeat":"repeat","background-position":"center center","background-size":"auto","background-attachment":"scroll","background-type":"","background-media":"","overlay-type":"","overlay-color":"","overlay-gradient":""},"mobile":{"background-color":"var(--ast-global-color-5)","background-image":"","background-repeat":"repeat","background-position":"center center","background-size":"auto","background-attachment":"scroll","background-type":"","background-media":"","overlay-type":"","overlay-color":"","overlay-gradient":""}},"footnotes":""},"class_list":["post-3089","page","type-page","status-publish","hentry"],"yoast_head":"<!-- This site is optimized with the Yoast SEO plugin v25.5 - https:\/\/yoast.com\/wordpress\/plugins\/seo\/ -->\n<title>Canalones sin juntas de 7 pulgadas | Servicios de canalones Colorado Springs<\/title>\n<meta name=\"description\" content=\"Gutters Inc ofrece canalones sin soldadura de 7 pulgadas de calidad en Colorado Springs. Ll\u00e1manos hoy mismo para pedir un presupuesto gratuito\" \/>\n<meta name=\"robots\" content=\"index, follow, max-snippet:-1, max-image-preview:large, max-video-preview:-1\" \/>\n<link rel=\"canonical\" href=\"https:\/\/coguttersinc.com\/es\/canalon-de-caja-7-sin-soldadura\/\" \/>\n<meta property=\"og:locale\" content=\"es_ES\" \/>\n<meta property=\"og:type\" content=\"article\" \/>\n<meta property=\"og:title\" content=\"Canalones sin juntas de 7 pulgadas | Servicios de canalones Colorado Springs\" \/>\n<meta property=\"og:description\" content=\"Gutters Inc ofrece canalones sin soldadura de 7 pulgadas de calidad en Colorado Springs. Ll\u00e1manos hoy mismo para pedir un presupuesto gratuito\" \/>\n<meta property=\"og:url\" content=\"https:\/\/coguttersinc.com\/es\/canalon-de-caja-7-sin-soldadura\/\" \/>\n<meta property=\"og:site_name\" content=\"Gutters Inc.\" \/>\n<meta property=\"article:modified_time\" content=\"2025-03-06T15:13:36+00:00\" \/>\n<meta name=\"twitter:card\" content=\"summary_large_image\" \/>\n<meta name=\"twitter:label1\" content=\"Tiempo de lectura\" \/>\n\t<meta name=\"twitter:data1\" content=\"2 minutos\" \/>\n<script type=\"application\/ld+json\" class=\"yoast-schema-graph\">{\"@context\":\"https:\/\/schema.org\",\"@graph\":[{\"@type\":\"WebPage\",\"@id\":\"https:\/\/coguttersinc.com\/es\/canalon-de-caja-7-sin-soldadura\/\",\"url\":\"https:\/\/coguttersinc.com\/es\/canalon-de-caja-7-sin-soldadura\/\",\"name\":\"Canalones sin juntas de 7 pulgadas | Servicios de canalones Colorado Springs\",\"isPartOf\":{\"@id\":\"https:\/\/coguttersinc.com\/es\/#website\"},\"datePublished\":\"2023-10-24T17:11:55+00:00\",\"dateModified\":\"2025-03-06T15:13:36+00:00\",\"description\":\"Gutters Inc ofrece canalones sin soldadura de 7 pulgadas de calidad en Colorado Springs. Ll\u00e1manos hoy mismo para pedir un presupuesto gratuito\",\"breadcrumb\":{\"@id\":\"https:\/\/coguttersinc.com\/es\/canalon-de-caja-7-sin-soldadura\/#breadcrumb\"},\"inLanguage\":\"es\",\"potentialAction\":[{\"@type\":\"ReadAction\",\"target\":[\"https:\/\/coguttersinc.com\/es\/canalon-de-caja-7-sin-soldadura\/\"]}]},{\"@type\":\"BreadcrumbList\",\"@id\":\"https:\/\/coguttersinc.com\/es\/canalon-de-caja-7-sin-soldadura\/#breadcrumb\",\"itemListElement\":[{\"@type\":\"ListItem\",\"position\":1,\"name\":\"Home\",\"item\":\"https:\/\/coguttersinc.com\/es\/inicio\/\"},{\"@type\":\"ListItem\",\"position\":2,\"name\":\"Canal\u00f3n de caja 7 sin soldadura\"}]},{\"@type\":\"WebSite\",\"@id\":\"https:\/\/coguttersinc.com\/es\/#website\",\"url\":\"https:\/\/coguttersinc.com\/es\/\",\"name\":\"Gutters Inc.\",\"description\":\"Gutters Inc. Commercial &amp; Residentail\",\"publisher\":{\"@id\":\"https:\/\/coguttersinc.com\/es\/#organization\"},\"potentialAction\":[{\"@type\":\"SearchAction\",\"target\":{\"@type\":\"EntryPoint\",\"urlTemplate\":\"https:\/\/coguttersinc.com\/es\/?s={search_term_string}\"},\"query-input\":{\"@type\":\"PropertyValueSpecification\",\"valueRequired\":true,\"valueName\":\"search_term_string\"}}],\"inLanguage\":\"es\"},{\"@type\":\"Organization\",\"@id\":\"https:\/\/coguttersinc.com\/es\/#organization\",\"name\":\"Gutters Inc.\",\"url\":\"https:\/\/coguttersinc.com\/es\/\",\"logo\":{\"@type\":\"ImageObject\",\"inLanguage\":\"es\",\"@id\":\"https:\/\/coguttersinc.com\/es\/#\/schema\/logo\/image\/\",\"url\":\"https:\/\/coguttersinc.com\/wp-content\/uploads\/2023\/10\/legacygutterslogo-210.png\",\"contentUrl\":\"https:\/\/coguttersinc.com\/wp-content\/uploads\/2023\/10\/legacygutterslogo-210.png\",\"width\":210,\"height\":84,\"caption\":\"Gutters Inc.\"},\"image\":{\"@id\":\"https:\/\/coguttersinc.com\/es\/#\/schema\/logo\/image\/\"}}]}<\/script>\n<!-- \/ Yoast SEO plugin. -->","yoast_head_json":{"title":"Canalones sin juntas de 7 pulgadas | Servicios de canalones Colorado Springs","description":"Gutters Inc ofrece canalones sin soldadura de 7 pulgadas de calidad en Colorado Springs. Ll\u00e1manos hoy mismo para pedir un presupuesto gratuito","robots":{"index":"index","follow":"follow","max-snippet":"max-snippet:-1","max-image-preview":"max-image-preview:large","max-video-preview":"max-video-preview:-1"},"canonical":"https:\/\/coguttersinc.com\/es\/canalon-de-caja-7-sin-soldadura\/","og_locale":"es_ES","og_type":"article","og_title":"Canalones sin juntas de 7 pulgadas | Servicios de canalones Colorado Springs","og_description":"Gutters Inc ofrece canalones sin soldadura de 7 pulgadas de calidad en Colorado Springs. Ll\u00e1manos hoy mismo para pedir un presupuesto gratuito","og_url":"https:\/\/coguttersinc.com\/es\/canalon-de-caja-7-sin-soldadura\/","og_site_name":"Gutters Inc.","article_modified_time":"2025-03-06T15:13:36+00:00","twitter_card":"summary_large_image","twitter_misc":{"Tiempo de lectura":"2 minutos"},"schema":{"@context":"https:\/\/schema.org","@graph":[{"@type":"WebPage","@id":"https:\/\/coguttersinc.com\/es\/canalon-de-caja-7-sin-soldadura\/","url":"https:\/\/coguttersinc.com\/es\/canalon-de-caja-7-sin-soldadura\/","name":"Canalones sin juntas de 7 pulgadas | Servicios de canalones Colorado Springs","isPartOf":{"@id":"https:\/\/coguttersinc.com\/es\/#website"},"datePublished":"2023-10-24T17:11:55+00:00","dateModified":"2025-03-06T15:13:36+00:00","description":"Gutters Inc ofrece canalones sin soldadura de 7 pulgadas de calidad en Colorado Springs. Ll\u00e1manos hoy mismo para pedir un presupuesto gratuito","breadcrumb":{"@id":"https:\/\/coguttersinc.com\/es\/canalon-de-caja-7-sin-soldadura\/#breadcrumb"},"inLanguage":"es","potentialAction":[{"@type":"ReadAction","target":["https:\/\/coguttersinc.com\/es\/canalon-de-caja-7-sin-soldadura\/"]}]},{"@type":"BreadcrumbList","@id":"https:\/\/coguttersinc.com\/es\/canalon-de-caja-7-sin-soldadura\/#breadcrumb","itemListElement":[{"@type":"ListItem","position":1,"name":"Home","item":"https:\/\/coguttersinc.com\/es\/inicio\/"},{"@type":"ListItem","position":2,"name":"Canal\u00f3n de caja 7 sin soldadura"}]},{"@type":"WebSite","@id":"https:\/\/coguttersinc.com\/es\/#website","url":"https:\/\/coguttersinc.com\/es\/","name":"Gutters Inc.","description":"Gutters Inc. Commercial &amp; Residentail","publisher":{"@id":"https:\/\/coguttersinc.com\/es\/#organization"},"potentialAction":[{"@type":"SearchAction","target":{"@type":"EntryPoint","urlTemplate":"https:\/\/coguttersinc.com\/es\/?s={search_term_string}"},"query-input":{"@type":"PropertyValueSpecification","valueRequired":true,"valueName":"search_term_string"}}],"inLanguage":"es"},{"@type":"Organization","@id":"https:\/\/coguttersinc.com\/es\/#organization","name":"Gutters Inc.","url":"https:\/\/coguttersinc.com\/es\/","logo":{"@type":"ImageObject","inLanguage":"es","@id":"https:\/\/coguttersinc.com\/es\/#\/schema\/logo\/image\/","url":"https:\/\/coguttersinc.com\/wp-content\/uploads\/2023\/10\/legacygutterslogo-210.png","contentUrl":"https:\/\/coguttersinc.com\/wp-content\/uploads\/2023\/10\/legacygutterslogo-210.png","width":210,"height":84,"caption":"Gutters Inc."},"image":{"@id":"https:\/\/coguttersinc.com\/es\/#\/schema\/logo\/image\/"}}]}},"_links":{"self":[{"href":"https:\/\/coguttersinc.com\/es\/wp-json\/wp\/v2\/pages\/3089","targetHints":{"allow":["GET"]}}],"collection":[{"href":"https:\/\/coguttersinc.com\/es\/wp-json\/wp\/v2\/pages"}],"about":[{"href":"https:\/\/coguttersinc.com\/es\/wp-json\/wp\/v2\/types\/page"}],"author":[{"embeddable":true,"href":"https:\/\/coguttersinc.com\/es\/wp-json\/wp\/v2\/users\/1"}],"replies":[{"embeddable":true,"href":"https:\/\/coguttersinc.com\/es\/wp-json\/wp\/v2\/comments?post=3089"}],"version-history":[{"count":1,"href":"https:\/\/coguttersinc.com\/es\/wp-json\/wp\/v2\/pages\/3089\/revisions"}],"predecessor-version":[{"id":3090,"href":"https:\/\/coguttersinc.com\/es\/wp-json\/wp\/v2\/pages\/3089\/revisions\/3090"}],"wp:attachment":[{"href":"https:\/\/coguttersinc.com\/es\/wp-json\/wp\/v2\/media?parent=3089"}],"curies":[{"name":"wp","href":"https:\/\/api.w.org\/{rel}","templated":true}]}}